{"id":226,"date":"2020-10-01T07:15:22","date_gmt":"2020-10-01T07:15:22","guid":{"rendered":"https:\/\/qi6.qodeinteractive.com\/home-copy\/"},"modified":"2022-04-05T13:30:09","modified_gmt":"2022-04-05T13:30:09","slug":"thewoodest","status":"publish","type":"page","link":"https:\/\/debasics.es\/index.php\/thewoodest\/","title":{"rendered":"Thewoodest"},"content":{"rendered":"\t\t<div data-elementor-type=\"wp-page\" data-elementor-id=\"226\" class=\"elementor elementor-226\" data-elementor-settings=\"[]\">\n\t\t\t\t\t\t\t<div class=\"elementor-section-wrap\">\n\t\t\t\t\t\t\t<section class=\"elementor-section elementor-top-section elementor-element elementor-element-29fd003 elementor-section-full_width qodef-elementor-content-grid elementor-section-height-default elementor-section-height-default\" data-id=\"29fd003\" data-element_type=\"section\">\n\t\t\t\t\t\t<div class=\"elementor-container elementor-column-gap-default\">\n\t\t\t\t\t<div class=\"elementor-column elementor-col-100 elementor-top-column elementor-element elementor-element-4ed4aa4\" data-id=\"4ed4aa4\" data-element_type=\"column\">\n\t\t\t<div class=\"elementor-widget-wrap elementor-element-populated\">\n\t\t\t\t\t\t\t\t<div class=\"elementor-element elementor-element-58d14717 elementor-widget elementor-widget-qi_addons_for_elementor_section_title\" data-id=\"58d14717\" data-element_type=\"widget\" data-widget_type=\"qi_addons_for_elementor_section_title.default\">\n\t\t\t\t<div class=\"elementor-widget-container\">\n\t\t\t<div class=\"qodef-shortcode qodef-m  qodef-qi-section-title  qodef-decoration--italic  qodef-link--underline-draw qodef-subtitle-icon--left\">\n\t\t\t\t<h5 class=\"qodef-m-subtitle\">\n\t\tProponemos soluciones sostenibles\t\t\t<\/h5>\n\t\t\t<h2 class=\"qodef-m-title\">\n\t\tInvestigaci\u00f3n de los h\u00e1bitos de consumo para orientar la transformaci\u00f3n sostenible de la sociedad\t<\/h2>\n\t\t\t<\/div>\n\t\t<\/div>\n\t\t\t\t<\/div>\n\t\t\t\t\t<\/div>\n\t\t<\/div>\n\t\t\t\t\t\t\t<\/div>\n\t\t<\/section>\n\t\t\t\t<section class=\"elementor-section elementor-top-section elementor-element elementor-element-e098dcd elementor-section-full_width qodef-elementor-content-grid elementor-section-height-default elementor-section-height-default\" data-id=\"e098dcd\" data-element_type=\"section\">\n\t\t\t\t\t\t<div class=\"elementor-container elementor-column-gap-default\">\n\t\t\t\t\t<div class=\"elementor-column elementor-col-50 elementor-top-column elementor-element elementor-element-5cf64c9\" data-id=\"5cf64c9\" data-element_type=\"column\">\n\t\t\t<div class=\"elementor-widget-wrap elementor-element-populated\">\n\t\t\t\t\t\t\t\t<div class=\"elementor-element elementor-element-c326ca1 elementor-widget elementor-widget-qi_addons_for_elementor_banner\" data-id=\"c326ca1\" data-element_type=\"widget\" data-widget_type=\"qi_addons_for_elementor_banner.default\">\n\t\t\t\t<div class=\"elementor-widget-container\">\n\t\t\t<div class=\"qodef-shortcode qodef-m  qodef-qi-banner qodef-layout--standard qodef-vertical--bottom qodef-horizontal--left qodef-image--hover-move \">\n\t<div class=\"qodef-m-image\">\n\t<img loading=\"lazy\" decoding=\"async\" width=\"800\" height=\"800\" src=\"https:\/\/debasics.es\/wp-content\/uploads\/2022\/03\/WEB-CUADRADAS.jpg\" class=\"attachment-full size-full\" alt=\"\" srcset=\"https:\/\/debasics.es\/wp-content\/uploads\/2022\/03\/WEB-CUADRADAS.jpg 800w, https:\/\/debasics.es\/wp-content\/uploads\/2022\/03\/WEB-CUADRADAS-300x300.jpg 300w, https:\/\/debasics.es\/wp-content\/uploads\/2022\/03\/WEB-CUADRADAS-150x150.jpg 150w, https:\/\/debasics.es\/wp-content\/uploads\/2022\/03\/WEB-CUADRADAS-768x768.jpg 768w, https:\/\/debasics.es\/wp-content\/uploads\/2022\/03\/WEB-CUADRADAS-650x650.jpg 650w\" sizes=\"auto, (max-width: 800px) 100vw, 800px\" \/><\/div>\n\t<div class=\"qodef-m-content\">\n\t\t<div class=\"qodef-m-content-inner\">\n\t\t\t\t\t\t\t\t\t\t\t\t\t\t<\/div>\n\t<\/div>\n\t\t<a itemprop=\"url\" href=\"#\" class=\"qodef-m-banner-link\" target=\"_self\"><\/a>\n<\/div>\n\t\t<\/div>\n\t\t\t\t<\/div>\n\t\t\t\t<div class=\"elementor-element elementor-element-73578e9a elementor-widget elementor-widget-qi_addons_for_elementor_section_title\" data-id=\"73578e9a\" data-element_type=\"widget\" data-widget_type=\"qi_addons_for_elementor_section_title.default\">\n\t\t\t\t<div class=\"elementor-widget-container\">\n\t\t\t<div class=\"qodef-shortcode qodef-m  qodef-qi-section-title  qodef-decoration--italic  qodef-link--underline-draw qodef-subtitle-icon--left\">\n\t\t\t\t\t\t<h4 class=\"qodef-m-title\">\n\t\tConsumo sostenible\t<\/h4>\n\t\t\t<div class=\"qodef-m-text\"><p>Investigamos en profundidad los h\u00e1bitos de la poblaci\u00f3n e identificamos las claves para una adhesi\u00f3n s\u00f3lida hacia estilos de vida m\u00e1s sostenibles.<\/p><\/div>\n\t\t<div class=\"qodef-m-button qodef-qi-clear\">\n\t\t<a class=\"qodef-shortcode qodef-m  qodef-qi-button qodef-html--link qodef-layout--textual qodef-type--standard   qodef-icon--right qodef-hover--icon-move-horizontal-short   qodef-text-underline qodef-underline--left \" href=\"https:\/\/debasics.es\/index.php\/contacta\/\" target=\"_self\">\t<span class=\"qodef-m-text\">Contacta con nosotros<\/span>\t\t<span class=\"qodef-m-icon \">\t\t<span class=\"qodef-m-icon-inner\">\t\t\t<svg xmlns=\"http:\/\/www.w3.org\/2000\/svg\" viewBox=\"0 0 22.65 16.41\" style=\"stroke: transparent;\"><path d=\"M22.47,9.33l-7,7a1.19,1.19,0,0,1-1.68-1.68l5.05-5H1.33A1.15,1.15,0,0,1,.17,8.54a.13.13,0,0,1,0-.06A1.12,1.12,0,0,1,1.26,7.33h.07l17.5,0-5-5a1.18,1.18,0,0,1,0-1.65,1.2,1.2,0,0,1,1.67,0l7,7a1.17,1.17,0,0,1,0,1.67Z\" transform=\"translate(-0.17 -0.3)\"><\/path><\/svg>\t\t\t\t\t<\/span>\t<\/span><\/a>\t<\/div>\n<\/div>\n\t\t<\/div>\n\t\t\t\t<\/div>\n\t\t\t\t\t<\/div>\n\t\t<\/div>\n\t\t\t\t<div class=\"elementor-column elementor-col-50 elementor-top-column elementor-element elementor-element-aa9bd02\" data-id=\"aa9bd02\" data-element_type=\"column\">\n\t\t\t<div class=\"elementor-widget-wrap elementor-element-populated\">\n\t\t\t\t\t\t\t\t<div class=\"elementor-element elementor-element-d535d37 elementor-widget elementor-widget-qi_addons_for_elementor_banner\" data-id=\"d535d37\" data-element_type=\"widget\" data-widget_type=\"qi_addons_for_elementor_banner.default\">\n\t\t\t\t<div class=\"elementor-widget-container\">\n\t\t\t<div class=\"qodef-shortcode qodef-m  qodef-qi-banner qodef-layout--standard qodef-vertical--bottom qodef-horizontal--left qodef-image--hover-move \">\n\t<div class=\"qodef-m-image\">\n\t<img loading=\"lazy\" decoding=\"async\" width=\"800\" height=\"800\" src=\"https:\/\/debasics.es\/wp-content\/uploads\/2022\/03\/WEB-CUADRADAS-GRUPO.jpg\" class=\"attachment-full size-full\" alt=\"\" srcset=\"https:\/\/debasics.es\/wp-content\/uploads\/2022\/03\/WEB-CUADRADAS-GRUPO.jpg 800w, https:\/\/debasics.es\/wp-content\/uploads\/2022\/03\/WEB-CUADRADAS-GRUPO-300x300.jpg 300w, https:\/\/debasics.es\/wp-content\/uploads\/2022\/03\/WEB-CUADRADAS-GRUPO-150x150.jpg 150w, https:\/\/debasics.es\/wp-content\/uploads\/2022\/03\/WEB-CUADRADAS-GRUPO-768x768.jpg 768w, https:\/\/debasics.es\/wp-content\/uploads\/2022\/03\/WEB-CUADRADAS-GRUPO-650x650.jpg 650w\" sizes=\"auto, (max-width: 800px) 100vw, 800px\" \/><\/div>\n\t<div class=\"qodef-m-content\">\n\t\t<div class=\"qodef-m-content-inner\">\n\t\t\t\t\t\t\t\t\t\t\t\t\t\t<\/div>\n\t<\/div>\n\t\t<a itemprop=\"url\" href=\"#\" class=\"qodef-m-banner-link\" target=\"_self\"><\/a>\n<\/div>\n\t\t<\/div>\n\t\t\t\t<\/div>\n\t\t\t\t<div class=\"elementor-element elementor-element-2eb11bd6 elementor-widget elementor-widget-qi_addons_for_elementor_section_title\" data-id=\"2eb11bd6\" data-element_type=\"widget\" data-widget_type=\"qi_addons_for_elementor_section_title.default\">\n\t\t\t\t<div class=\"elementor-widget-container\">\n\t\t\t<div class=\"qodef-shortcode qodef-m  qodef-qi-section-title  qodef-decoration--italic  qodef-link--underline-draw qodef-subtitle-icon--left\">\n\t\t\t\t\t\t<h4 class=\"qodef-m-title\">\n\t\tPropuestas sociales\t<\/h4>\n\t\t\t<div class=\"qodef-m-text\"><p>Generamos soluciones a trav\u00e9s de la dinamizaci\u00f3n de la ciudadan\u00eda, donde reside un gran potencial para solucionar problemas del d\u00eda a d\u00eda de barrios y ciudades.<\/p><\/div>\n\t\t<div class=\"qodef-m-button qodef-qi-clear\">\n\t\t<a class=\"qodef-shortcode qodef-m  qodef-qi-button qodef-html--link qodef-layout--textual qodef-type--standard   qodef-icon--right qodef-hover--icon-move-horizontal-short   qodef-text-underline qodef-underline--left \" href=\"https:\/\/debasics.es\/index.php\/thewoodest\/\" target=\"_self\">\t<span class=\"qodef-m-text\">Muy pronto<\/span>\t\t<span class=\"qodef-m-icon \">\t\t<span class=\"qodef-m-icon-inner\">\t\t\t<svg xmlns=\"http:\/\/www.w3.org\/2000\/svg\" viewBox=\"0 0 22.65 16.41\" style=\"stroke: transparent;\"><path d=\"M22.47,9.33l-7,7a1.19,1.19,0,0,1-1.68-1.68l5.05-5H1.33A1.15,1.15,0,0,1,.17,8.54a.13.13,0,0,1,0-.06A1.12,1.12,0,0,1,1.26,7.33h.07l17.5,0-5-5a1.18,1.18,0,0,1,0-1.65,1.2,1.2,0,0,1,1.67,0l7,7a1.17,1.17,0,0,1,0,1.67Z\" transform=\"translate(-0.17 -0.3)\"><\/path><\/svg>\t\t\t\t\t<\/span>\t<\/span><\/a>\t<\/div>\n<\/div>\n\t\t<\/div>\n\t\t\t\t<\/div>\n\t\t\t\t\t<\/div>\n\t\t<\/div>\n\t\t\t\t\t\t\t<\/div>\n\t\t<\/section>\n\t\t\t\t<section class=\"elementor-section elementor-top-section elementor-element elementor-element-4a249fd elementor-section-full_width qodef-elementor-content-grid elementor-section-height-default elementor-section-height-default\" data-id=\"4a249fd\" data-element_type=\"section\">\n\t\t\t\t\t\t<div class=\"elementor-container elementor-column-gap-default\">\n\t\t\t\t\t<div class=\"elementor-column elementor-col-50 elementor-top-column elementor-element elementor-element-306a587\" data-id=\"306a587\" data-element_type=\"column\">\n\t\t\t<div class=\"elementor-widget-wrap elementor-element-populated\">\n\t\t\t\t\t\t\t\t<div class=\"elementor-element elementor-element-77115b6 elementor-widget elementor-widget-qi_addons_for_elementor_banner\" data-id=\"77115b6\" data-element_type=\"widget\" data-widget_type=\"qi_addons_for_elementor_banner.default\">\n\t\t\t\t<div class=\"elementor-widget-container\">\n\t\t\t<div class=\"qodef-shortcode qodef-m  qodef-qi-banner qodef-layout--standard qodef-vertical--bottom qodef-horizontal--left qodef-image--hover-move \">\n\t<div class=\"qodef-m-image\">\n\t<img loading=\"lazy\" decoding=\"async\" width=\"800\" height=\"800\" src=\"https:\/\/debasics.es\/wp-content\/uploads\/2022\/03\/WEB-CUADRADAS-BICI.jpg\" class=\"attachment-full size-full\" alt=\"\" srcset=\"https:\/\/debasics.es\/wp-content\/uploads\/2022\/03\/WEB-CUADRADAS-BICI.jpg 800w, https:\/\/debasics.es\/wp-content\/uploads\/2022\/03\/WEB-CUADRADAS-BICI-300x300.jpg 300w, https:\/\/debasics.es\/wp-content\/uploads\/2022\/03\/WEB-CUADRADAS-BICI-150x150.jpg 150w, https:\/\/debasics.es\/wp-content\/uploads\/2022\/03\/WEB-CUADRADAS-BICI-768x768.jpg 768w, https:\/\/debasics.es\/wp-content\/uploads\/2022\/03\/WEB-CUADRADAS-BICI-650x650.jpg 650w\" sizes=\"auto, (max-width: 800px) 100vw, 800px\" \/><\/div>\n\t<div class=\"qodef-m-content\">\n\t\t<div class=\"qodef-m-content-inner\">\n\t\t\t\t\t\t\t\t\t\t\t\t\t\t<\/div>\n\t<\/div>\n\t\t<a itemprop=\"url\" href=\"#\" class=\"qodef-m-banner-link\" target=\"_self\"><\/a>\n<\/div>\n\t\t<\/div>\n\t\t\t\t<\/div>\n\t\t\t\t<div class=\"elementor-element elementor-element-4b47453 elementor-widget elementor-widget-qi_addons_for_elementor_section_title\" data-id=\"4b47453\" data-element_type=\"widget\" data-widget_type=\"qi_addons_for_elementor_section_title.default\">\n\t\t\t\t<div class=\"elementor-widget-container\">\n\t\t\t<div class=\"qodef-shortcode qodef-m  qodef-qi-section-title  qodef-decoration--italic  qodef-link--underline-draw qodef-subtitle-icon--left\">\n\t\t\t\t\t\t<h4 class=\"qodef-m-title\">\n\t\tInforme sobre movilidad\t<\/h4>\n\t\t\t<div class=\"qodef-m-text\"><p>Informe sobre h\u00e1bitos de consumo: movilidad en las ciudades peque\u00f1as.\u00a0<\/p><\/div>\n\t\t<div class=\"qodef-m-button qodef-qi-clear\">\n\t\t<a class=\"qodef-shortcode qodef-m  qodef-qi-button qodef-html--link qodef-layout--textual qodef-type--standard   qodef-icon--right qodef-hover--icon-move-horizontal-short   qodef-text-underline qodef-underline--left \" href=\"\" target=\"_self\">\t<span class=\"qodef-m-text\">Muy pronto<\/span>\t\t<span class=\"qodef-m-icon \">\t\t<span class=\"qodef-m-icon-inner\">\t\t\t<svg xmlns=\"http:\/\/www.w3.org\/2000\/svg\" viewBox=\"0 0 22.65 16.41\" style=\"stroke: transparent;\"><path d=\"M22.47,9.33l-7,7a1.19,1.19,0,0,1-1.68-1.68l5.05-5H1.33A1.15,1.15,0,0,1,.17,8.54a.13.13,0,0,1,0-.06A1.12,1.12,0,0,1,1.26,7.33h.07l17.5,0-5-5a1.18,1.18,0,0,1,0-1.65,1.2,1.2,0,0,1,1.67,0l7,7a1.17,1.17,0,0,1,0,1.67Z\" transform=\"translate(-0.17 -0.3)\"><\/path><\/svg>\t\t\t\t\t<\/span>\t<\/span><\/a>\t<\/div>\n<\/div>\n\t\t<\/div>\n\t\t\t\t<\/div>\n\t\t\t\t\t<\/div>\n\t\t<\/div>\n\t\t\t\t<div class=\"elementor-column elementor-col-50 elementor-top-column elementor-element elementor-element-5fc9855\" data-id=\"5fc9855\" data-element_type=\"column\">\n\t\t\t<div class=\"elementor-widget-wrap elementor-element-populated\">\n\t\t\t\t\t\t\t\t<div class=\"elementor-element elementor-element-51630ed elementor-widget elementor-widget-qi_addons_for_elementor_banner\" data-id=\"51630ed\" data-element_type=\"widget\" data-widget_type=\"qi_addons_for_elementor_banner.default\">\n\t\t\t\t<div class=\"elementor-widget-container\">\n\t\t\t<div class=\"qodef-shortcode qodef-m  qodef-qi-banner qodef-layout--standard qodef-vertical--bottom qodef-horizontal--left qodef-image--hover-move \">\n\t<div class=\"qodef-m-image\">\n\t<img loading=\"lazy\" decoding=\"async\" width=\"800\" height=\"800\" src=\"https:\/\/debasics.es\/wp-content\/uploads\/2022\/04\/the-woodest-foto-web-1.jpg\" class=\"attachment-full size-full\" alt=\"\" srcset=\"https:\/\/debasics.es\/wp-content\/uploads\/2022\/04\/the-woodest-foto-web-1.jpg 800w, https:\/\/debasics.es\/wp-content\/uploads\/2022\/04\/the-woodest-foto-web-1-300x300.jpg 300w, https:\/\/debasics.es\/wp-content\/uploads\/2022\/04\/the-woodest-foto-web-1-150x150.jpg 150w, https:\/\/debasics.es\/wp-content\/uploads\/2022\/04\/the-woodest-foto-web-1-768x768.jpg 768w, https:\/\/debasics.es\/wp-content\/uploads\/2022\/04\/the-woodest-foto-web-1-650x650.jpg 650w\" sizes=\"auto, (max-width: 800px) 100vw, 800px\" \/><\/div>\n\t<div class=\"qodef-m-content\">\n\t\t<div class=\"qodef-m-content-inner\">\n\t\t\t\t\t\t\t\t\t\t\t\t\t\t<\/div>\n\t<\/div>\n\t\t<a itemprop=\"url\" href=\"#\" class=\"qodef-m-banner-link\" target=\"_self\"><\/a>\n<\/div>\n\t\t<\/div>\n\t\t\t\t<\/div>\n\t\t\t\t<div class=\"elementor-element elementor-element-7409e3f elementor-widget elementor-widget-qi_addons_for_elementor_section_title\" data-id=\"7409e3f\" data-element_type=\"widget\" data-widget_type=\"qi_addons_for_elementor_section_title.default\">\n\t\t\t\t<div class=\"elementor-widget-container\">\n\t\t\t<div class=\"qodef-shortcode qodef-m  qodef-qi-section-title  qodef-decoration--italic  qodef-link--underline-draw qodef-subtitle-icon--left\">\n\t\t\t\t\t\t<h4 class=\"qodef-m-title\">\n\t\tTransparencia y honestidad\t<\/h4>\n\t\t\t<div class=\"qodef-m-text\"><p>Nuestro principal valor es la honestidad. No solo investigamos para promover h\u00e1bitos de consumo sostenibles sino que adem\u00e1s intentamos que nuestra empresa y nuestra vida sea coherente con lo que decimos.\u00a0<\/p><\/div>\n\t\t<div class=\"qodef-m-button qodef-qi-clear\">\n\t\t<a class=\"qodef-shortcode qodef-m  qodef-qi-button qodef-html--link qodef-layout--textual qodef-type--standard   qodef-icon--right qodef-hover--icon-move-horizontal-short   qodef-text-underline qodef-underline--left \" href=\"https:\/\/kustod.io\/s\/294T8MbhEjsI5TXtl4rlLh.pdf\" target=\"_self\">\t<span class=\"qodef-m-text\">Conoce m\u00e1s<\/span>\t\t<span class=\"qodef-m-icon \">\t\t<span class=\"qodef-m-icon-inner\">\t\t\t<svg xmlns=\"http:\/\/www.w3.org\/2000\/svg\" viewBox=\"0 0 22.65 16.41\" style=\"stroke: transparent;\"><path d=\"M22.47,9.33l-7,7a1.19,1.19,0,0,1-1.68-1.68l5.05-5H1.33A1.15,1.15,0,0,1,.17,8.54a.13.13,0,0,1,0-.06A1.12,1.12,0,0,1,1.26,7.33h.07l17.5,0-5-5a1.18,1.18,0,0,1,0-1.65,1.2,1.2,0,0,1,1.67,0l7,7a1.17,1.17,0,0,1,0,1.67Z\" transform=\"translate(-0.17 -0.3)\"><\/path><\/svg>\t\t\t\t\t<\/span>\t<\/span><\/a>\t<\/div>\n<\/div>\n\t\t<\/div>\n\t\t\t\t<\/div>\n\t\t\t\t\t<\/div>\n\t\t<\/div>\n\t\t\t\t\t\t\t<\/div>\n\t\t<\/section>\n\t\t\t\t\t\t<\/div>\n\t\t\t\t\t<\/div>\n\t\t","protected":false},"excerpt":{"rendered":"<p>Proponemos soluciones sostenibles Investigaci\u00f3n de los h\u00e1bitos de consumo para orientar la transformaci\u00f3n sostenible de la sociedad Consumo sostenible Investigamos en profundidad los h\u00e1bitos de la poblaci\u00f3n e identificamos las claves para una adhesi\u00f3n s\u00f3lida hacia estilos de vida m\u00e1s sostenibles. Contacta con nosotros Propuestas sociales Generamos soluciones a trav\u00e9s de la dinamizaci\u00f3n de la [&hellip;]<\/p>\n","protected":false},"author":1,"featured_media":0,"parent":0,"menu_order":0,"comment_status":"closed","ping_status":"closed","template":"qi-full-width.php","meta":{"footnotes":""},"class_list":["post-226","page","type-page","status-publish","hentry"],"_links":{"self":[{"href":"https:\/\/debasics.es\/index.php\/wp-json\/wp\/v2\/pages\/226","targetHints":{"allow":["GET"]}}],"collection":[{"href":"https:\/\/debasics.es\/index.php\/wp-json\/wp\/v2\/pages"}],"about":[{"href":"https:\/\/debasics.es\/index.php\/wp-json\/wp\/v2\/types\/page"}],"author":[{"embeddable":true,"href":"https:\/\/debasics.es\/index.php\/wp-json\/wp\/v2\/users\/1"}],"replies":[{"embeddable":true,"href":"https:\/\/debasics.es\/index.php\/wp-json\/wp\/v2\/comments?post=226"}],"version-history":[{"count":45,"href":"https:\/\/debasics.es\/index.php\/wp-json\/wp\/v2\/pages\/226\/revisions"}],"predecessor-version":[{"id":1422,"href":"https:\/\/debasics.es\/index.php\/wp-json\/wp\/v2\/pages\/226\/revisions\/1422"}],"wp:attachment":[{"href":"https:\/\/debasics.es\/index.php\/wp-json\/wp\/v2\/media?parent=226"}],"curies":[{"name":"wp","href":"https:\/\/api.w.org\/{rel}","templated":true}]}}