{"id":262,"date":"2020-10-01T12:22:11","date_gmt":"2020-10-01T12:22:11","guid":{"rendered":"https:\/\/qi6.qodeinteractive.com\/home-copy\/"},"modified":"2022-03-23T21:12:58","modified_gmt":"2022-03-23T21:12:58","slug":"servicios","status":"publish","type":"page","link":"https:\/\/debasics.es\/index.php\/servicios\/","title":{"rendered":"Servicios"},"content":{"rendered":"\t\t<div data-elementor-type=\"wp-page\" data-elementor-id=\"262\" class=\"elementor elementor-262\" data-elementor-settings=\"[]\">\n\t\t\t\t\t\t\t<div class=\"elementor-section-wrap\">\n\t\t\t\t\t\t\t<section class=\"elementor-section elementor-top-section elementor-element elementor-element-7642abc elementor-section-full_width qodef-elementor-content-grid elementor-section-height-default elementor-section-height-default\" data-id=\"7642abc\" data-element_type=\"section\">\n\t\t\t\t\t\t<div class=\"elementor-container elementor-column-gap-default\">\n\t\t\t\t\t<div class=\"elementor-column elementor-col-100 elementor-top-column elementor-element elementor-element-2138854\" data-id=\"2138854\" data-element_type=\"column\">\n\t\t\t<div class=\"elementor-widget-wrap elementor-element-populated\">\n\t\t\t\t\t\t\t\t<div class=\"elementor-element elementor-element-4ace18d3 elementor-widget elementor-widget-qi_addons_for_elementor_section_title\" data-id=\"4ace18d3\" data-element_type=\"widget\" data-widget_type=\"qi_addons_for_elementor_section_title.default\">\n\t\t\t\t<div class=\"elementor-widget-container\">\n\t\t\t<div class=\"qodef-shortcode qodef-m  qodef-qi-section-title  qodef-decoration--italic  qodef-link--underline-draw qodef-subtitle-icon--left\">\n\t\t\t\t\t\t<h2 class=\"qodef-m-title\">\n\t\tLa direcci\u00f3n de una empresa debe tomar decisiones con los datos adecuados, no con todos los datos disponibles.\t<\/h2>\n\t\t\t<\/div>\n\t\t<\/div>\n\t\t\t\t<\/div>\n\t\t\t\t\t<\/div>\n\t\t<\/div>\n\t\t\t\t\t\t\t<\/div>\n\t\t<\/section>\n\t\t\t\t<section class=\"elementor-section elementor-top-section elementor-element elementor-element-e32e4c2 elementor-section-full_width qodef-elementor-content-grid elementor-section-height-default elementor-section-height-default\" data-id=\"e32e4c2\" data-element_type=\"section\">\n\t\t\t\t\t\t<div class=\"elementor-container elementor-column-gap-default\">\n\t\t\t\t\t<div class=\"elementor-column elementor-col-50 elementor-top-column elementor-element elementor-element-b2a5c8f\" data-id=\"b2a5c8f\" data-element_type=\"column\">\n\t\t\t<div class=\"elementor-widget-wrap elementor-element-populated\">\n\t\t\t\t\t\t\t\t<div class=\"elementor-element elementor-element-ddb9a4d elementor-widget elementor-widget-qi_addons_for_elementor_banner\" data-id=\"ddb9a4d\" data-element_type=\"widget\" data-widget_type=\"qi_addons_for_elementor_banner.default\">\n\t\t\t\t<div class=\"elementor-widget-container\">\n\t\t\t<div class=\"qodef-shortcode qodef-m  qodef-qi-banner qodef-layout--standard qodef-vertical--bottom qodef-horizontal--left qodef-image--hover-move \">\n\t<div class=\"qodef-m-image\">\n\t<img loading=\"lazy\" decoding=\"async\" width=\"800\" height=\"800\" src=\"https:\/\/debasics.es\/wp-content\/uploads\/2022\/03\/WEB-CUADRADAS-consumo-servicios.png\" class=\"attachment-full size-full\" alt=\"\" srcset=\"https:\/\/debasics.es\/wp-content\/uploads\/2022\/03\/WEB-CUADRADAS-consumo-servicios.png 800w, https:\/\/debasics.es\/wp-content\/uploads\/2022\/03\/WEB-CUADRADAS-consumo-servicios-300x300.png 300w, https:\/\/debasics.es\/wp-content\/uploads\/2022\/03\/WEB-CUADRADAS-consumo-servicios-150x150.png 150w, https:\/\/debasics.es\/wp-content\/uploads\/2022\/03\/WEB-CUADRADAS-consumo-servicios-768x768.png 768w, https:\/\/debasics.es\/wp-content\/uploads\/2022\/03\/WEB-CUADRADAS-consumo-servicios-650x650.png 650w\" sizes=\"auto, (max-width: 800px) 100vw, 800px\" \/><\/div>\n\t<div class=\"qodef-m-content\">\n\t\t<div class=\"qodef-m-content-inner\">\n\t\t\t\t\t\t\t\t\t\t\t\t\t\t<\/div>\n\t<\/div>\n\t\t<a itemprop=\"url\" href=\"#\" class=\"qodef-m-banner-link\" target=\"_self\"><\/a>\n<\/div>\n\t\t<\/div>\n\t\t\t\t<\/div>\n\t\t\t\t\t<\/div>\n\t\t<\/div>\n\t\t\t\t<div class=\"elementor-column elementor-col-50 elementor-top-column elementor-element elementor-element-e1113ee\" data-id=\"e1113ee\" data-element_type=\"column\">\n\t\t\t<div class=\"elementor-widget-wrap elementor-element-populated\">\n\t\t\t\t\t\t\t\t<div class=\"elementor-element elementor-element-e6d4192 elementor-widget elementor-widget-qi_addons_for_elementor_section_title\" data-id=\"e6d4192\" data-element_type=\"widget\" data-widget_type=\"qi_addons_for_elementor_section_title.default\">\n\t\t\t\t<div class=\"elementor-widget-container\">\n\t\t\t<div class=\"qodef-shortcode qodef-m  qodef-qi-section-title  qodef-decoration--italic  qodef-link--underline-draw qodef-subtitle-icon--left\">\n\t\t\t\t<h5 class=\"qodef-m-subtitle\">\n\t\tConocimiento profundo del cliente\t\t\t<\/h5>\n\t\t\t<h4 class=\"qodef-m-title\">\n\t\tH\u00e1bitos de consumo\t<\/h4>\n\t\t\t<div class=\"qodef-m-text\"><h6>Conocer en profundidad a tus clientes te ayudar\u00e1 a tomar decisiones en la adaptaci\u00f3n de productos y servicios, integrando adem\u00e1s la posibilidad de generar soluciones innovadoras y que aportan valor a tus clientes.<\/h6><\/div>\n\t<\/div>\n\t\t<\/div>\n\t\t\t\t<\/div>\n\t\t\t\t<div class=\"elementor-element elementor-element-658b051 elementor-widget elementor-widget-text-editor\" data-id=\"658b051\" data-element_type=\"widget\" data-widget_type=\"text-editor.default\">\n\t\t\t\t<div class=\"elementor-widget-container\">\n\t\t\t<style>\/*! elementor - v3.5.5 - 03-02-2022 *\/\n.elementor-widget-text-editor.elementor-drop-cap-view-stacked .elementor-drop-cap{background-color:#818a91;color:#fff}.elementor-widget-text-editor.elementor-drop-cap-view-framed .elementor-drop-cap{color:#818a91;border:3px solid;background-color:transparent}.elementor-widget-text-editor:not(.elementor-drop-cap-view-default) .elementor-drop-cap{margin-top:8px}.elementor-widget-text-editor:not(.elementor-drop-cap-view-default) .elementor-drop-cap-letter{width:1em;height:1em}.elementor-widget-text-editor .elementor-drop-cap{float:left;text-align:center;line-height:1;font-size:50px}.elementor-widget-text-editor .elementor-drop-cap-letter{display:inline-block}<\/style>\t\t\t\t<p><strong><span style=\"color: var( --e-global-color-text ); letter-spacing: 0px;\">Nuestras herramientas:\u00a0<\/span><\/strong><\/p><ul style=\"line-height: 40px; font-family: Barlow; font-size: 20px;\"><li><span style=\"color: var( --e-global-color-text ); font-weight: var( --e-global-typography-text-font-weight ); letter-spacing: 0px;\">Focus group<\/span><\/li><li><span style=\"color: var( --e-global-color-text ); font-weight: var( --e-global-typography-text-font-weight ); letter-spacing: 0px;\">Persona research<\/span><\/li><li><span style=\"color: var( --e-global-color-text ); font-weight: var( --e-global-typography-text-font-weight ); letter-spacing: 0px;\">Entrevistas 1-1 <\/span><\/li><li><span style=\"color: var( --e-global-color-text ); font-weight: var( --e-global-typography-text-font-weight ); letter-spacing: 0px;\">Paneles de expertos<\/span><\/li><li>Creaci\u00f3n de comunidades virtuales<\/li><li>Investigaci\u00f3n cuantitativa<\/li><li>POP data<\/li><\/ul>\t\t\t\t\t\t<\/div>\n\t\t\t\t<\/div>\n\t\t\t\t<div class=\"elementor-element elementor-element-6fa9e2b6 elementor-widget elementor-widget-qi_addons_for_elementor_button\" data-id=\"6fa9e2b6\" data-element_type=\"widget\" data-widget_type=\"qi_addons_for_elementor_button.default\">\n\t\t\t\t<div class=\"elementor-widget-container\">\n\t\t\t<a class=\"qodef-shortcode qodef-m  qodef-qi-button qodef-html--link qodef-layout--textual    qodef-icon--right qodef-hover--icon-move-horizontal-short   qodef-text-underline qodef-underline--left \" href=\"https:\/\/debasics.es\/index.php\/contacta\/\" target=\"_self\">\n\t<span class=\"qodef-m-text\">Contacta<\/span>\n\t\t<span class=\"qodef-m-icon qodef--icon-color-set\">\n\t\t<span class=\"qodef-m-icon-inner\">\n\t\t\t<svg xmlns=\"http:\/\/www.w3.org\/2000\/svg\" viewBox=\"0 0 22.65 16.41\" style=\"stroke: transparent;\"><path d=\"M22.47,9.33l-7,7a1.19,1.19,0,0,1-1.68-1.68l5.05-5H1.33A1.15,1.15,0,0,1,.17,8.54a.13.13,0,0,1,0-.06A1.12,1.12,0,0,1,1.26,7.33h.07l17.5,0-5-5a1.18,1.18,0,0,1,0-1.65,1.2,1.2,0,0,1,1.67,0l7,7a1.17,1.17,0,0,1,0,1.67Z\" transform=\"translate(-0.17 -0.3)\"><\/path><\/svg>\t\t\t\t\t<\/span>\n\t<\/span>\n<\/a>\n\t\t<\/div>\n\t\t\t\t<\/div>\n\t\t\t\t\t<\/div>\n\t\t<\/div>\n\t\t\t\t\t\t\t<\/div>\n\t\t<\/section>\n\t\t\t\t<section class=\"elementor-section elementor-top-section elementor-element elementor-element-c013f65 elementor-section-full_width qodef-elementor-content-grid elementor-section-height-default elementor-section-height-default\" data-id=\"c013f65\" data-element_type=\"section\">\n\t\t\t\t\t\t<div class=\"elementor-container elementor-column-gap-default\">\n\t\t\t\t\t<div class=\"elementor-column elementor-col-50 elementor-top-column elementor-element elementor-element-45388da\" data-id=\"45388da\" data-element_type=\"column\">\n\t\t\t<div class=\"elementor-widget-wrap elementor-element-populated\">\n\t\t\t\t\t\t\t\t<div class=\"elementor-element elementor-element-6f94f312 elementor-widget elementor-widget-qi_addons_for_elementor_section_title\" data-id=\"6f94f312\" data-element_type=\"widget\" data-widget_type=\"qi_addons_for_elementor_section_title.default\">\n\t\t\t\t<div class=\"elementor-widget-container\">\n\t\t\t<div class=\"qodef-shortcode qodef-m  qodef-qi-section-title  qodef-decoration--italic  qodef-link--underline-draw qodef-subtitle-icon--left\">\n\t\t\t\t<h5 class=\"qodef-m-subtitle\">\n\t\tInnnovaci\u00f3n y valor a\u00f1adido\t\t\t<\/h5>\n\t\t\t<h4 class=\"qodef-m-title\">\n\t\tLanzamiento\t<\/h4>\n\t\t\t<div class=\"qodef-m-text\"><p>Validamos los aspectos esenciales del lanzamiento de una nueva marca, producto o servicio.\u00a0<\/p><\/div>\n\t<\/div>\n\t\t<\/div>\n\t\t\t\t<\/div>\n\t\t\t\t<div class=\"elementor-element elementor-element-8a573a1 elementor-widget elementor-widget-text-editor\" data-id=\"8a573a1\" data-element_type=\"widget\" data-widget_type=\"text-editor.default\">\n\t\t\t\t<div class=\"elementor-widget-container\">\n\t\t\t\t\t\t\t<ul>\n<li>Identificaci\u00f3n y validaci\u00f3n de atributos clave<\/li>\n<li>Test de producto<\/li>\n<li>Validaci\u00f3n de la imagen de marca: logo, packaging, etc.<\/li>\n<li>Experiencia de consumidor<\/li>\n<\/ul>\t\t\t\t\t\t<\/div>\n\t\t\t\t<\/div>\n\t\t\t\t<div class=\"elementor-element elementor-element-f5f8ccc elementor-widget elementor-widget-qi_addons_for_elementor_button\" data-id=\"f5f8ccc\" data-element_type=\"widget\" data-widget_type=\"qi_addons_for_elementor_button.default\">\n\t\t\t\t<div class=\"elementor-widget-container\">\n\t\t\t<a class=\"qodef-shortcode qodef-m  qodef-qi-button qodef-html--link qodef-layout--textual    qodef-icon--right qodef-hover--icon-move-horizontal-short   qodef-text-underline qodef-underline--left \" href=\"https:\/\/debasics.es\/index.php\/thewoodest\/\" target=\"_self\">\n\t<span class=\"qodef-m-text\">Contacta<\/span>\n\t\t<span class=\"qodef-m-icon qodef--icon-color-set\">\n\t\t<span class=\"qodef-m-icon-inner\">\n\t\t\t<svg xmlns=\"http:\/\/www.w3.org\/2000\/svg\" viewBox=\"0 0 22.65 16.41\" style=\"stroke: transparent;\"><path d=\"M22.47,9.33l-7,7a1.19,1.19,0,0,1-1.68-1.68l5.05-5H1.33A1.15,1.15,0,0,1,.17,8.54a.13.13,0,0,1,0-.06A1.12,1.12,0,0,1,1.26,7.33h.07l17.5,0-5-5a1.18,1.18,0,0,1,0-1.65,1.2,1.2,0,0,1,1.67,0l7,7a1.17,1.17,0,0,1,0,1.67Z\" transform=\"translate(-0.17 -0.3)\"><\/path><\/svg>\t\t\t\t\t<\/span>\n\t<\/span>\n<\/a>\n\t\t<\/div>\n\t\t\t\t<\/div>\n\t\t\t\t\t<\/div>\n\t\t<\/div>\n\t\t\t\t<div class=\"elementor-column elementor-col-50 elementor-top-column elementor-element elementor-element-4d39c79\" data-id=\"4d39c79\" data-element_type=\"column\">\n\t\t\t<div class=\"elementor-widget-wrap elementor-element-populated\">\n\t\t\t\t\t\t\t\t<div class=\"elementor-element elementor-element-09f8ab3 elementor-widget elementor-widget-qi_addons_for_elementor_banner\" data-id=\"09f8ab3\" data-element_type=\"widget\" data-widget_type=\"qi_addons_for_elementor_banner.default\">\n\t\t\t\t<div class=\"elementor-widget-container\">\n\t\t\t<div class=\"qodef-shortcode qodef-m  qodef-qi-banner qodef-layout--standard qodef-vertical--bottom qodef-horizontal--left qodef-image--hover-move \">\n\t<div class=\"qodef-m-image\">\n\t<img loading=\"lazy\" decoding=\"async\" width=\"800\" height=\"800\" src=\"https:\/\/debasics.es\/wp-content\/uploads\/2022\/03\/WEB-CUADRADAS.jpg\" class=\"attachment-full size-full\" alt=\"\" srcset=\"https:\/\/debasics.es\/wp-content\/uploads\/2022\/03\/WEB-CUADRADAS.jpg 800w, https:\/\/debasics.es\/wp-content\/uploads\/2022\/03\/WEB-CUADRADAS-300x300.jpg 300w, https:\/\/debasics.es\/wp-content\/uploads\/2022\/03\/WEB-CUADRADAS-150x150.jpg 150w, https:\/\/debasics.es\/wp-content\/uploads\/2022\/03\/WEB-CUADRADAS-768x768.jpg 768w, https:\/\/debasics.es\/wp-content\/uploads\/2022\/03\/WEB-CUADRADAS-650x650.jpg 650w\" sizes=\"auto, (max-width: 800px) 100vw, 800px\" \/><\/div>\n\t<div class=\"qodef-m-content\">\n\t\t<div class=\"qodef-m-content-inner\">\n\t\t\t\t\t\t\t\t\t\t\t\t\t\t<\/div>\n\t<\/div>\n\t\t<a itemprop=\"url\" href=\"#\" class=\"qodef-m-banner-link\" target=\"_self\"><\/a>\n<\/div>\n\t\t<\/div>\n\t\t\t\t<\/div>\n\t\t\t\t\t<\/div>\n\t\t<\/div>\n\t\t\t\t\t\t\t<\/div>\n\t\t<\/section>\n\t\t\t\t<section class=\"elementor-section elementor-top-section elementor-element elementor-element-b23b912 elementor-section-full_width qodef-elementor-content-grid elementor-section-height-default elementor-section-height-default\" data-id=\"b23b912\" data-element_type=\"section\">\n\t\t\t\t\t\t<div class=\"elementor-container elementor-column-gap-default\">\n\t\t\t\t\t<div class=\"elementor-column elementor-col-50 elementor-top-column elementor-element elementor-element-a23de0c\" data-id=\"a23de0c\" data-element_type=\"column\">\n\t\t\t<div class=\"elementor-widget-wrap elementor-element-populated\">\n\t\t\t\t\t\t\t\t<div class=\"elementor-element elementor-element-830c90f elementor-widget elementor-widget-qi_addons_for_elementor_banner\" data-id=\"830c90f\" data-element_type=\"widget\" data-widget_type=\"qi_addons_for_elementor_banner.default\">\n\t\t\t\t<div class=\"elementor-widget-container\">\n\t\t\t<div class=\"qodef-shortcode qodef-m  qodef-qi-banner qodef-layout--standard qodef-vertical--bottom qodef-horizontal--left qodef-image--hover-move \">\n\t<div class=\"qodef-m-image\">\n\t<img loading=\"lazy\" decoding=\"async\" width=\"800\" height=\"800\" src=\"https:\/\/debasics.es\/wp-content\/uploads\/2022\/03\/WEB-CUADRADAS-asesoramiento-servicios.png\" class=\"attachment-full size-full\" alt=\"\" srcset=\"https:\/\/debasics.es\/wp-content\/uploads\/2022\/03\/WEB-CUADRADAS-asesoramiento-servicios.png 800w, https:\/\/debasics.es\/wp-content\/uploads\/2022\/03\/WEB-CUADRADAS-asesoramiento-servicios-300x300.png 300w, https:\/\/debasics.es\/wp-content\/uploads\/2022\/03\/WEB-CUADRADAS-asesoramiento-servicios-150x150.png 150w, https:\/\/debasics.es\/wp-content\/uploads\/2022\/03\/WEB-CUADRADAS-asesoramiento-servicios-768x768.png 768w, https:\/\/debasics.es\/wp-content\/uploads\/2022\/03\/WEB-CUADRADAS-asesoramiento-servicios-650x650.png 650w\" sizes=\"auto, (max-width: 800px) 100vw, 800px\" \/><\/div>\n\t<div class=\"qodef-m-content\">\n\t\t<div class=\"qodef-m-content-inner\">\n\t\t\t\t\t\t\t\t\t\t\t\t\t\t<\/div>\n\t<\/div>\n\t\t<a itemprop=\"url\" href=\"#\" class=\"qodef-m-banner-link\" target=\"_self\"><\/a>\n<\/div>\n\t\t<\/div>\n\t\t\t\t<\/div>\n\t\t\t\t\t<\/div>\n\t\t<\/div>\n\t\t\t\t<div class=\"elementor-column elementor-col-50 elementor-top-column elementor-element elementor-element-57f8aef\" data-id=\"57f8aef\" data-element_type=\"column\">\n\t\t\t<div class=\"elementor-widget-wrap elementor-element-populated\">\n\t\t\t\t\t\t\t\t<div class=\"elementor-element elementor-element-1bd84cd elementor-widget elementor-widget-qi_addons_for_elementor_section_title\" data-id=\"1bd84cd\" data-element_type=\"widget\" data-widget_type=\"qi_addons_for_elementor_section_title.default\">\n\t\t\t\t<div class=\"elementor-widget-container\">\n\t\t\t<div class=\"qodef-shortcode qodef-m  qodef-qi-section-title  qodef-decoration--italic  qodef-link--underline-draw qodef-subtitle-icon--left\">\n\t\t\t\t\t\t<h4 class=\"qodef-m-title\">\n\t\tAcompa\u00f1amiento estrat\u00e9gico\t<\/h4>\n\t\t\t<div class=\"qodef-m-text\"><p>Nuestro apoyo a la Direcci\u00f3n te ofrece una visi\u00f3n no sesgada de los puntos clave de tu empresa. Identificamos \u00e1reas de mejora, establecemos una metodolog\u00eda en la toma de decisiones y la coordinaci\u00f3n interna de los departamentos, y generamos planes de acci\u00f3n de acuerdo a una estrategia.\u00a0<\/p><\/div>\n\t<\/div>\n\t\t<\/div>\n\t\t\t\t<\/div>\n\t\t\t\t<div class=\"elementor-element elementor-element-ce4d563 elementor-widget elementor-widget-text-editor\" data-id=\"ce4d563\" data-element_type=\"widget\" data-widget_type=\"text-editor.default\">\n\t\t\t\t<div class=\"elementor-widget-container\">\n\t\t\t\t\t\t\t\t\t\t\t\t\t<\/div>\n\t\t\t\t<\/div>\n\t\t\t\t<div class=\"elementor-element elementor-element-c83a1ea elementor-widget elementor-widget-qi_addons_for_elementor_button\" data-id=\"c83a1ea\" data-element_type=\"widget\" data-widget_type=\"qi_addons_for_elementor_button.default\">\n\t\t\t\t<div class=\"elementor-widget-container\">\n\t\t\t<a class=\"qodef-shortcode qodef-m  qodef-qi-button qodef-html--link qodef-layout--textual    qodef-icon--right qodef-hover--icon-move-horizontal-short   qodef-text-underline qodef-underline--left \" href=\"https:\/\/debasics.es\/index.php\/thewoodest\/\" target=\"_self\">\n\t<span class=\"qodef-m-text\">Contacta<\/span>\n\t\t<span class=\"qodef-m-icon qodef--icon-color-set\">\n\t\t<span class=\"qodef-m-icon-inner\">\n\t\t\t<svg xmlns=\"http:\/\/www.w3.org\/2000\/svg\" viewBox=\"0 0 22.65 16.41\" style=\"stroke: transparent;\"><path d=\"M22.47,9.33l-7,7a1.19,1.19,0,0,1-1.68-1.68l5.05-5H1.33A1.15,1.15,0,0,1,.17,8.54a.13.13,0,0,1,0-.06A1.12,1.12,0,0,1,1.26,7.33h.07l17.5,0-5-5a1.18,1.18,0,0,1,0-1.65,1.2,1.2,0,0,1,1.67,0l7,7a1.17,1.17,0,0,1,0,1.67Z\" transform=\"translate(-0.17 -0.3)\"><\/path><\/svg>\t\t\t\t\t<\/span>\n\t<\/span>\n<\/a>\n\t\t<\/div>\n\t\t\t\t<\/div>\n\t\t\t\t\t<\/div>\n\t\t<\/div>\n\t\t\t\t\t\t\t<\/div>\n\t\t<\/section>\n\t\t\t\t<section class=\"elementor-section elementor-top-section elementor-element elementor-element-629b26f elementor-section-full_width qodef-elementor-content-grid elementor-section-height-default elementor-section-height-default\" data-id=\"629b26f\" data-element_type=\"section\">\n\t\t\t\t\t\t<div class=\"elementor-container elementor-column-gap-default\">\n\t\t\t\t\t<div class=\"elementor-column elementor-col-50 elementor-top-column elementor-element elementor-element-87aeb40\" data-id=\"87aeb40\" data-element_type=\"column\">\n\t\t\t<div class=\"elementor-widget-wrap elementor-element-populated\">\n\t\t\t\t\t\t\t\t<div class=\"elementor-element elementor-element-0ad8a1d elementor-widget elementor-widget-qi_addons_for_elementor_banner\" data-id=\"0ad8a1d\" data-element_type=\"widget\" data-widget_type=\"qi_addons_for_elementor_banner.default\">\n\t\t\t\t<div class=\"elementor-widget-container\">\n\t\t\t<div class=\"qodef-shortcode qodef-m  qodef-qi-banner qodef-layout--standard qodef-vertical--bottom qodef-horizontal--left qodef-image--hover-move \">\n\t<div class=\"qodef-m-image\">\n\t<img loading=\"lazy\" decoding=\"async\" width=\"800\" height=\"800\" src=\"https:\/\/debasics.es\/wp-content\/uploads\/2022\/03\/WEB-CUADRADAS-ciclo-vida-producto.png\" class=\"attachment-full size-full\" alt=\"\" srcset=\"https:\/\/debasics.es\/wp-content\/uploads\/2022\/03\/WEB-CUADRADAS-ciclo-vida-producto.png 800w, https:\/\/debasics.es\/wp-content\/uploads\/2022\/03\/WEB-CUADRADAS-ciclo-vida-producto-300x300.png 300w, https:\/\/debasics.es\/wp-content\/uploads\/2022\/03\/WEB-CUADRADAS-ciclo-vida-producto-150x150.png 150w, https:\/\/debasics.es\/wp-content\/uploads\/2022\/03\/WEB-CUADRADAS-ciclo-vida-producto-768x768.png 768w, https:\/\/debasics.es\/wp-content\/uploads\/2022\/03\/WEB-CUADRADAS-ciclo-vida-producto-650x650.png 650w\" sizes=\"auto, (max-width: 800px) 100vw, 800px\" \/><\/div>\n\t<div class=\"qodef-m-content\">\n\t\t<div class=\"qodef-m-content-inner\">\n\t\t\t\t\t\t\t\t\t\t\t\t\t\t<\/div>\n\t<\/div>\n\t\t<a itemprop=\"url\" href=\"#\" class=\"qodef-m-banner-link\" target=\"_self\"><\/a>\n<\/div>\n\t\t<\/div>\n\t\t\t\t<\/div>\n\t\t\t\t\t<\/div>\n\t\t<\/div>\n\t\t\t\t<div class=\"elementor-column elementor-col-50 elementor-top-column elementor-element elementor-element-8832ca0\" data-id=\"8832ca0\" data-element_type=\"column\">\n\t\t\t<div class=\"elementor-widget-wrap elementor-element-populated\">\n\t\t\t\t\t\t\t\t<div class=\"elementor-element elementor-element-51ee0ba elementor-widget elementor-widget-qi_addons_for_elementor_section_title\" data-id=\"51ee0ba\" data-element_type=\"widget\" data-widget_type=\"qi_addons_for_elementor_section_title.default\">\n\t\t\t\t<div class=\"elementor-widget-container\">\n\t\t\t<div class=\"qodef-shortcode qodef-m  qodef-qi-section-title  qodef-decoration--italic  qodef-link--underline-draw qodef-subtitle-icon--left\">\n\t\t\t\t\t\t<h4 class=\"qodef-m-title\">\n\t\t\u00bfCu\u00e1ndo hay que pensar en un producto nuevo?\t<\/h4>\n\t\t\t<div class=\"qodef-m-text\"><h6>Piensa en cualquier producto que hayas comprado. Ese producto, tal y como lo consumes ahora tiene un l\u00edmite, un ciclo de vida. Si la empresa que lo vende no es capaz de hacerlo evolucionar, lo m\u00e1s probable es que entre poco a poco en declive: se deja de vender. Lo primero que debemos hacer es que los consumidores cambian sus h\u00e1bitos y esto afecta a las ventas de nuestro producto. Monitorizar las tendencias tambi\u00e9n nos indican si nuestro producto va a seguir cubriendo las necesidades de nuestros clientes en un futuro. La competencia tambi\u00e9n es clave, ya que a veces es pionera y se adelanta con un producto mejorado, cogiendo parte del pastel de nuestro mercado. Todos estos datos nos indican que debemos lanzar o mejorar nuestra oferta<span style=\"text-decoration: underline\"> antes de que nuestras ventas decaigan. <\/span><strong>El problema es que el desarrollo de nuevos productos es costoso y tiene sus tiempos. Por esta raz\u00f3n, recomendamos la monitorizaci\u00f3n de tendencias, con la que somos capaces de inferir con suficiente antelaci\u00f3n qu\u00e9 mejoras o innovaciones ser\u00e1 necesario hacer.<\/strong><\/h6><\/div>\n\t<\/div>\n\t\t<\/div>\n\t\t\t\t<\/div>\n\t\t\t\t<div class=\"elementor-element elementor-element-3e2d01c elementor-widget elementor-widget-text-editor\" data-id=\"3e2d01c\" data-element_type=\"widget\" data-widget_type=\"text-editor.default\">\n\t\t\t\t<div class=\"elementor-widget-container\">\n\t\t\t\t\t\t\t\t\t\t\t\t\t<\/div>\n\t\t\t\t<\/div>\n\t\t\t\t<div class=\"elementor-element elementor-element-9197f1f elementor-widget elementor-widget-qi_addons_for_elementor_button\" data-id=\"9197f1f\" data-element_type=\"widget\" data-widget_type=\"qi_addons_for_elementor_button.default\">\n\t\t\t\t<div class=\"elementor-widget-container\">\n\t\t\t<a class=\"qodef-shortcode qodef-m  qodef-qi-button qodef-html--link qodef-layout--textual    qodef-icon--right qodef-hover--icon-move-horizontal-short   qodef-text-underline qodef-underline--left \" href=\"https:\/\/debasics.es\/index.php\/thewoodest\/\" target=\"_self\">\n\t<span class=\"qodef-m-text\">Contacta<\/span>\n\t\t<span class=\"qodef-m-icon qodef--icon-color-set\">\n\t\t<span class=\"qodef-m-icon-inner\">\n\t\t\t<svg xmlns=\"http:\/\/www.w3.org\/2000\/svg\" viewBox=\"0 0 22.65 16.41\" style=\"stroke: transparent;\"><path d=\"M22.47,9.33l-7,7a1.19,1.19,0,0,1-1.68-1.68l5.05-5H1.33A1.15,1.15,0,0,1,.17,8.54a.13.13,0,0,1,0-.06A1.12,1.12,0,0,1,1.26,7.33h.07l17.5,0-5-5a1.18,1.18,0,0,1,0-1.65,1.2,1.2,0,0,1,1.67,0l7,7a1.17,1.17,0,0,1,0,1.67Z\" transform=\"translate(-0.17 -0.3)\"><\/path><\/svg>\t\t\t\t\t<\/span>\n\t<\/span>\n<\/a>\n\t\t<\/div>\n\t\t\t\t<\/div>\n\t\t\t\t\t<\/div>\n\t\t<\/div>\n\t\t\t\t\t\t\t<\/div>\n\t\t<\/section>\n\t\t\t\t\t\t<\/div>\n\t\t\t\t\t<\/div>\n\t\t","protected":false},"excerpt":{"rendered":"<p>La direcci\u00f3n de una empresa debe tomar decisiones con los datos adecuados, no con todos los datos disponibles. Conocimiento profundo del cliente H\u00e1bitos de consumo Conocer en profundidad a tus clientes te ayudar\u00e1 a tomar decisiones en la adaptaci\u00f3n de productos y servicios, integrando adem\u00e1s la posibilidad de generar soluciones innovadoras y que aportan valor [&hellip;]<\/p>\n","protected":false},"author":1,"featured_media":0,"parent":0,"menu_order":0,"comment_status":"closed","ping_status":"closed","template":"qi-full-width.php","meta":{"footnotes":""},"class_list":["post-262","page","type-page","status-publish","hentry"],"_links":{"self":[{"href":"https:\/\/debasics.es\/index.php\/wp-json\/wp\/v2\/pages\/262","targetHints":{"allow":["GET"]}}],"collection":[{"href":"https:\/\/debasics.es\/index.php\/wp-json\/wp\/v2\/pages"}],"about":[{"href":"https:\/\/debasics.es\/index.php\/wp-json\/wp\/v2\/types\/page"}],"author":[{"embeddable":true,"href":"https:\/\/debasics.es\/index.php\/wp-json\/wp\/v2\/users\/1"}],"replies":[{"embeddable":true,"href":"https:\/\/debasics.es\/index.php\/wp-json\/wp\/v2\/comments?post=262"}],"version-history":[{"count":46,"href":"https:\/\/debasics.es\/index.php\/wp-json\/wp\/v2\/pages\/262\/revisions"}],"predecessor-version":[{"id":1401,"href":"https:\/\/debasics.es\/index.php\/wp-json\/wp\/v2\/pages\/262\/revisions\/1401"}],"wp:attachment":[{"href":"https:\/\/debasics.es\/index.php\/wp-json\/wp\/v2\/media?parent=262"}],"curies":[{"name":"wp","href":"https:\/\/api.w.org\/{rel}","templated":true}]}}