{"id":295,"date":"2020-10-01T13:32:23","date_gmt":"2020-10-01T13:32:23","guid":{"rendered":"https:\/\/qi6.qodeinteractive.com\/meeting-rooms-copy\/"},"modified":"2022-03-23T20:11:57","modified_gmt":"2022-03-23T20:11:57","slug":"testimonios","status":"publish","type":"page","link":"https:\/\/debasics.es\/index.php\/testimonios\/","title":{"rendered":"Testismonios"},"content":{"rendered":"\t\t<div data-elementor-type=\"wp-page\" data-elementor-id=\"295\" class=\"elementor elementor-295\" data-elementor-settings=\"[]\">\n\t\t\t\t\t\t\t<div class=\"elementor-section-wrap\">\n\t\t\t\t\t\t\t<section class=\"elementor-section elementor-top-section elementor-element elementor-element-18bd286 elementor-section-full_width qodef-elementor-content-grid elementor-section-height-default elementor-section-height-default\" data-id=\"18bd286\" data-element_type=\"section\">\n\t\t\t\t\t\t<div class=\"elementor-container elementor-column-gap-default\">\n\t\t\t\t\t<div class=\"elementor-column elementor-col-100 elementor-top-column elementor-element elementor-element-425d411\" data-id=\"425d411\" data-element_type=\"column\">\n\t\t\t<div class=\"elementor-widget-wrap elementor-element-populated\">\n\t\t\t\t\t\t\t\t<div class=\"elementor-element elementor-element-743c013f elementor-widget elementor-widget-qi_addons_for_elementor_section_title\" data-id=\"743c013f\" data-element_type=\"widget\" data-widget_type=\"qi_addons_for_elementor_section_title.default\">\n\t\t\t\t<div class=\"elementor-widget-container\">\n\t\t\t<div class=\"qodef-shortcode qodef-m  qodef-qi-section-title  qodef-decoration--italic  qodef-link--underline-draw qodef-subtitle-icon--left\">\n\t\t\t\t<h5 class=\"qodef-m-subtitle\">\n\t\tVanessa Jerez. Directora de Neurocentro. \t\t\t<\/h5>\n\t\t\t<h2 class=\"qodef-m-title\">\n\t\tEl servicio de asesor\u00eda estrat\u00e9gica ha sido una revoluci\u00f3n en nuestra empresa. Totalmente recomendado si quieres mejorar y avanzar con nuevos proyectos.\t<\/h2>\n\t\t\t<\/div>\n\t\t<\/div>\n\t\t\t\t<\/div>\n\t\t\t\t<div class=\"elementor-element elementor-element-83009fe elementor-widget elementor-widget-qi_addons_for_elementor_section_title\" data-id=\"83009fe\" data-element_type=\"widget\" data-widget_type=\"qi_addons_for_elementor_section_title.default\">\n\t\t\t\t<div class=\"elementor-widget-container\">\n\t\t\t<div class=\"qodef-shortcode qodef-m  qodef-qi-section-title  qodef-decoration--italic  qodef-link--underline-draw qodef-subtitle-icon--left\">\n\t\t\t\t<h5 class=\"qodef-m-subtitle\">\n\t\tBego\u00f1a A. Ferrero. Directora de Cl\u00ednica Laurisilva.\t\t\t<\/h5>\n\t\t\t<h2 class=\"qodef-m-title\">\n\t\tTener un Plan Estrat\u00e9gico, y actualizarlo cada cierto tiempo, es fundamental para reflexionar como directivos sobre la marcha de la empresa. A nivel de relaciones tambi\u00e9n es esencial, aporta solvencia y seriedad de cara a los bancos, y a cualquiera de los colaboradores presentes y futuros. Adem\u00e1s, el trato y la formaci\u00f3n de Diana son inmejorables. La recomiendo al 100%\t<\/h2>\n\t\t\t<\/div>\n\t\t<\/div>\n\t\t\t\t<\/div>\n\t\t\t\t<div class=\"elementor-element elementor-element-6de99af elementor-widget elementor-widget-qi_addons_for_elementor_section_title\" data-id=\"6de99af\" data-element_type=\"widget\" data-widget_type=\"qi_addons_for_elementor_section_title.default\">\n\t\t\t\t<div class=\"elementor-widget-container\">\n\t\t\t<div class=\"qodef-shortcode qodef-m  qodef-qi-section-title  qodef-decoration--italic  qodef-link--underline-draw qodef-subtitle-icon--left\">\n\t\t\t\t<h5 class=\"qodef-m-subtitle\">\n\t\tC\u00e9sar Mart\u00edn. Tamar\u00e1n.\t\t\t<\/h5>\n\t\t\t<h2 class=\"qodef-m-title\">\n\t\tLa relaci\u00f3n personal y grado de conocimiento del campo de especialidad, hacen de Diana S\u00e1nchez y su equipo un activo que aporta valor para el desarrollo de tu empresa.\t<\/h2>\n\t\t\t<\/div>\n\t\t<\/div>\n\t\t\t\t<\/div>\n\t\t\t\t<div class=\"elementor-element elementor-element-b314a73 elementor-widget elementor-widget-qi_addons_for_elementor_section_title\" data-id=\"b314a73\" data-element_type=\"widget\" data-widget_type=\"qi_addons_for_elementor_section_title.default\">\n\t\t\t\t<div class=\"elementor-widget-container\">\n\t\t\t<div class=\"qodef-shortcode qodef-m  qodef-qi-section-title  qodef-decoration--italic  qodef-link--underline-draw qodef-subtitle-icon--left\">\n\t\t\t\t<h5 class=\"qodef-m-subtitle\">\n\t\tSara y Guillermo. Ram\u00edrez Derma.\t\t\t<\/h5>\n\t\t\t<h2 class=\"qodef-m-title\">\n\t\tNuestra empresa esta mucho m\u00e1s organizado gracias a Diana!!\t<\/h2>\n\t\t\t<\/div>\n\t\t<\/div>\n\t\t\t\t<\/div>\n\t\t\t\t<div class=\"elementor-element elementor-element-a7de672 elementor-widget elementor-widget-qi_addons_for_elementor_section_title\" data-id=\"a7de672\" data-element_type=\"widget\" data-widget_type=\"qi_addons_for_elementor_section_title.default\">\n\t\t\t\t<div class=\"elementor-widget-container\">\n\t\t\t<div class=\"qodef-shortcode qodef-m  qodef-qi-section-title  qodef-decoration--italic  qodef-link--underline-draw qodef-subtitle-icon--left\">\n\t\t\t\t\t\t<h2 class=\"qodef-m-title\">\n\t\tAlgunos clientes.\t<\/h2>\n\t\t\t<\/div>\n\t\t<\/div>\n\t\t\t\t<\/div>\n\t\t\t\t<div class=\"elementor-element elementor-element-8a53af3 elementor-widget elementor-widget-qi_addons_for_elementor_image_gallery_pinterest\" data-id=\"8a53af3\" data-element_type=\"widget\" data-widget_type=\"qi_addons_for_elementor_image_gallery_pinterest.default\">\n\t\t\t\t<div class=\"elementor-widget-container\">\n\t\t\t<div class=\"qodef-shortcode qodef-m  qodef-qi-image-gallery-pinterest qodef-qi-fslightbox-popup qodef-popup-gallery qodef-image--hover-zoom  qodef-qi-grid qodef-layout--qi-masonry  qodef-col-num--4   qodef-responsive--predefined\">\n\t<div class=\"qodef-grid-inner\">\n\t\t\t<div class=\"qodef-qi-grid-masonry-sizer\"><\/div>\n<div class=\"qodef-e qodef-image-wrapper qodef-grid-item\">\n\t<div class=\"qodef-e-inner\">\n\t\t\t\t\t<a class=\"qodef-popup-item\" itemprop=\"image\" href=\"https:\/\/debasics.es\/wp-content\/uploads\/2022\/02\/logo-habitat.jpg\" data-type=\"image\" data-fslightbox=\"gallery-537\">\n\t\t\t\t\t<img loading=\"lazy\" decoding=\"async\" width=\"400\" height=\"400\" src=\"https:\/\/debasics.es\/wp-content\/uploads\/2022\/02\/logo-habitat.jpg\" class=\"attachment-full size-full\" alt=\"\" srcset=\"https:\/\/debasics.es\/wp-content\/uploads\/2022\/02\/logo-habitat.jpg 400w, https:\/\/debasics.es\/wp-content\/uploads\/2022\/02\/logo-habitat-300x300.jpg 300w, https:\/\/debasics.es\/wp-content\/uploads\/2022\/02\/logo-habitat-150x150.jpg 150w\" sizes=\"auto, (max-width: 400px) 100vw, 400px\" \/>\t\t\t\t\t<\/a>\n\t\t\t<\/div>\n<\/div>\n<div class=\"qodef-e qodef-image-wrapper qodef-grid-item\">\n\t<div class=\"qodef-e-inner\">\n\t\t\t\t\t<a class=\"qodef-popup-item\" itemprop=\"image\" href=\"https:\/\/debasics.es\/wp-content\/uploads\/2022\/02\/TCW-logo.png\" data-type=\"image\" data-fslightbox=\"gallery-537\">\n\t\t\t\t\t<img loading=\"lazy\" decoding=\"async\" width=\"225\" height=\"225\" src=\"https:\/\/debasics.es\/wp-content\/uploads\/2022\/02\/TCW-logo.png\" class=\"attachment-full size-full\" alt=\"\" srcset=\"https:\/\/debasics.es\/wp-content\/uploads\/2022\/02\/TCW-logo.png 225w, https:\/\/debasics.es\/wp-content\/uploads\/2022\/02\/TCW-logo-150x150.png 150w\" sizes=\"auto, (max-width: 225px) 100vw, 225px\" \/>\t\t\t\t\t<\/a>\n\t\t\t<\/div>\n<\/div>\n<div class=\"qodef-e qodef-image-wrapper qodef-grid-item\">\n\t<div class=\"qodef-e-inner\">\n\t\t\t\t\t<a class=\"qodef-popup-item\" itemprop=\"image\" href=\"https:\/\/debasics.es\/wp-content\/uploads\/2022\/02\/azero-logo.png\" data-type=\"image\" data-fslightbox=\"gallery-537\">\n\t\t\t\t\t<img loading=\"lazy\" decoding=\"async\" width=\"225\" height=\"225\" src=\"https:\/\/debasics.es\/wp-content\/uploads\/2022\/02\/azero-logo.png\" class=\"attachment-full size-full\" alt=\"\" srcset=\"https:\/\/debasics.es\/wp-content\/uploads\/2022\/02\/azero-logo.png 225w, https:\/\/debasics.es\/wp-content\/uploads\/2022\/02\/azero-logo-150x150.png 150w\" sizes=\"auto, (max-width: 225px) 100vw, 225px\" \/>\t\t\t\t\t<\/a>\n\t\t\t<\/div>\n<\/div>\n<div class=\"qodef-e qodef-image-wrapper qodef-grid-item\">\n\t<div class=\"qodef-e-inner\">\n\t\t\t\t\t<a class=\"qodef-popup-item\" itemprop=\"image\" href=\"https:\/\/debasics.es\/wp-content\/uploads\/2022\/03\/deroulotte.png\" data-type=\"image\" data-fslightbox=\"gallery-537\">\n\t\t\t\t\t<img loading=\"lazy\" decoding=\"async\" width=\"500\" height=\"500\" src=\"https:\/\/debasics.es\/wp-content\/uploads\/2022\/03\/deroulotte.png\" class=\"attachment-full size-full\" alt=\"\" srcset=\"https:\/\/debasics.es\/wp-content\/uploads\/2022\/03\/deroulotte.png 500w, https:\/\/debasics.es\/wp-content\/uploads\/2022\/03\/deroulotte-300x300.png 300w, https:\/\/debasics.es\/wp-content\/uploads\/2022\/03\/deroulotte-150x150.png 150w\" sizes=\"auto, (max-width: 500px) 100vw, 500px\" \/>\t\t\t\t\t<\/a>\n\t\t\t<\/div>\n<\/div>\n<div class=\"qodef-e qodef-image-wrapper qodef-grid-item\">\n\t<div class=\"qodef-e-inner\">\n\t\t\t\t\t<a class=\"qodef-popup-item\" itemprop=\"image\" href=\"https:\/\/debasics.es\/wp-content\/uploads\/2022\/03\/tamaran.png\" data-type=\"image\" data-fslightbox=\"gallery-537\">\n\t\t\t\t\t<img loading=\"lazy\" decoding=\"async\" width=\"500\" height=\"500\" src=\"https:\/\/debasics.es\/wp-content\/uploads\/2022\/03\/tamaran.png\" class=\"attachment-full size-full\" alt=\"\" srcset=\"https:\/\/debasics.es\/wp-content\/uploads\/2022\/03\/tamaran.png 500w, https:\/\/debasics.es\/wp-content\/uploads\/2022\/03\/tamaran-300x300.png 300w, https:\/\/debasics.es\/wp-content\/uploads\/2022\/03\/tamaran-150x150.png 150w\" sizes=\"auto, (max-width: 500px) 100vw, 500px\" \/>\t\t\t\t\t<\/a>\n\t\t\t<\/div>\n<\/div>\n<div class=\"qodef-e qodef-image-wrapper qodef-grid-item\">\n\t<div class=\"qodef-e-inner\">\n\t\t\t\t\t<a class=\"qodef-popup-item\" itemprop=\"image\" href=\"https:\/\/debasics.es\/wp-content\/uploads\/2022\/03\/ramirez-derma.png\" data-type=\"image\" data-fslightbox=\"gallery-537\">\n\t\t\t\t\t<img loading=\"lazy\" decoding=\"async\" width=\"500\" height=\"500\" src=\"https:\/\/debasics.es\/wp-content\/uploads\/2022\/03\/ramirez-derma.png\" class=\"attachment-full size-full\" alt=\"\" srcset=\"https:\/\/debasics.es\/wp-content\/uploads\/2022\/03\/ramirez-derma.png 500w, https:\/\/debasics.es\/wp-content\/uploads\/2022\/03\/ramirez-derma-300x300.png 300w, https:\/\/debasics.es\/wp-content\/uploads\/2022\/03\/ramirez-derma-150x150.png 150w\" sizes=\"auto, (max-width: 500px) 100vw, 500px\" \/>\t\t\t\t\t<\/a>\n\t\t\t<\/div>\n<\/div>\n<div class=\"qodef-e qodef-image-wrapper qodef-grid-item\">\n\t<div class=\"qodef-e-inner\">\n\t\t\t\t\t<a class=\"qodef-popup-item\" itemprop=\"image\" href=\"https:\/\/debasics.es\/wp-content\/uploads\/2022\/03\/cb-logo.png\" data-type=\"image\" data-fslightbox=\"gallery-537\">\n\t\t\t\t\t<img loading=\"lazy\" decoding=\"async\" width=\"500\" height=\"500\" src=\"https:\/\/debasics.es\/wp-content\/uploads\/2022\/03\/cb-logo.png\" class=\"attachment-full size-full\" alt=\"\" srcset=\"https:\/\/debasics.es\/wp-content\/uploads\/2022\/03\/cb-logo.png 500w, https:\/\/debasics.es\/wp-content\/uploads\/2022\/03\/cb-logo-300x300.png 300w, https:\/\/debasics.es\/wp-content\/uploads\/2022\/03\/cb-logo-150x150.png 150w\" sizes=\"auto, (max-width: 500px) 100vw, 500px\" \/>\t\t\t\t\t<\/a>\n\t\t\t<\/div>\n<\/div>\n<div class=\"qodef-e qodef-image-wrapper qodef-grid-item\">\n\t<div class=\"qodef-e-inner\">\n\t\t\t\t\t<a class=\"qodef-popup-item\" itemprop=\"image\" href=\"https:\/\/debasics.es\/wp-content\/uploads\/2022\/03\/huipil.png\" data-type=\"image\" data-fslightbox=\"gallery-537\">\n\t\t\t\t\t<img loading=\"lazy\" decoding=\"async\" width=\"500\" height=\"500\" src=\"https:\/\/debasics.es\/wp-content\/uploads\/2022\/03\/huipil.png\" class=\"attachment-full size-full\" alt=\"\" srcset=\"https:\/\/debasics.es\/wp-content\/uploads\/2022\/03\/huipil.png 500w, https:\/\/debasics.es\/wp-content\/uploads\/2022\/03\/huipil-300x300.png 300w, https:\/\/debasics.es\/wp-content\/uploads\/2022\/03\/huipil-150x150.png 150w\" sizes=\"auto, (max-width: 500px) 100vw, 500px\" \/>\t\t\t\t\t<\/a>\n\t\t\t<\/div>\n<\/div>\n<div class=\"qodef-e qodef-image-wrapper qodef-grid-item\">\n\t<div class=\"qodef-e-inner\">\n\t\t\t\t\t<a class=\"qodef-popup-item\" itemprop=\"image\" href=\"https:\/\/debasics.es\/wp-content\/uploads\/2022\/03\/laurisilva.png\" data-type=\"image\" data-fslightbox=\"gallery-537\">\n\t\t\t\t\t<img loading=\"lazy\" decoding=\"async\" width=\"500\" height=\"500\" src=\"https:\/\/debasics.es\/wp-content\/uploads\/2022\/03\/laurisilva.png\" class=\"attachment-full size-full\" alt=\"\" srcset=\"https:\/\/debasics.es\/wp-content\/uploads\/2022\/03\/laurisilva.png 500w, https:\/\/debasics.es\/wp-content\/uploads\/2022\/03\/laurisilva-300x300.png 300w, https:\/\/debasics.es\/wp-content\/uploads\/2022\/03\/laurisilva-150x150.png 150w\" sizes=\"auto, (max-width: 500px) 100vw, 500px\" \/>\t\t\t\t\t<\/a>\n\t\t\t<\/div>\n<\/div>\n<div class=\"qodef-e qodef-image-wrapper qodef-grid-item\">\n\t<div class=\"qodef-e-inner\">\n\t\t\t\t\t<a class=\"qodef-popup-item\" itemprop=\"image\" href=\"https:\/\/debasics.es\/wp-content\/uploads\/2022\/03\/SHOWER.png\" data-type=\"image\" data-fslightbox=\"gallery-537\">\n\t\t\t\t\t<img loading=\"lazy\" decoding=\"async\" width=\"500\" height=\"500\" src=\"https:\/\/debasics.es\/wp-content\/uploads\/2022\/03\/SHOWER.png\" class=\"attachment-full size-full\" alt=\"\" srcset=\"https:\/\/debasics.es\/wp-content\/uploads\/2022\/03\/SHOWER.png 500w, https:\/\/debasics.es\/wp-content\/uploads\/2022\/03\/SHOWER-300x300.png 300w, https:\/\/debasics.es\/wp-content\/uploads\/2022\/03\/SHOWER-150x150.png 150w\" sizes=\"auto, (max-width: 500px) 100vw, 500px\" \/>\t\t\t\t\t<\/a>\n\t\t\t<\/div>\n<\/div>\n<div class=\"qodef-e qodef-image-wrapper qodef-grid-item\">\n\t<div class=\"qodef-e-inner\">\n\t\t\t\t\t<a class=\"qodef-popup-item\" itemprop=\"image\" href=\"https:\/\/debasics.es\/wp-content\/uploads\/2022\/03\/MUSSA.png\" data-type=\"image\" data-fslightbox=\"gallery-537\">\n\t\t\t\t\t<img loading=\"lazy\" decoding=\"async\" width=\"500\" height=\"500\" src=\"https:\/\/debasics.es\/wp-content\/uploads\/2022\/03\/MUSSA.png\" class=\"attachment-full size-full\" alt=\"\" srcset=\"https:\/\/debasics.es\/wp-content\/uploads\/2022\/03\/MUSSA.png 500w, https:\/\/debasics.es\/wp-content\/uploads\/2022\/03\/MUSSA-300x300.png 300w, https:\/\/debasics.es\/wp-content\/uploads\/2022\/03\/MUSSA-150x150.png 150w\" sizes=\"auto, (max-width: 500px) 100vw, 500px\" \/>\t\t\t\t\t<\/a>\n\t\t\t<\/div>\n<\/div>\n<div class=\"qodef-e qodef-image-wrapper qodef-grid-item\">\n\t<div class=\"qodef-e-inner\">\n\t\t\t\t\t<a class=\"qodef-popup-item\" itemprop=\"image\" href=\"https:\/\/debasics.es\/wp-content\/uploads\/2022\/03\/neurocentro.png\" data-type=\"image\" data-fslightbox=\"gallery-537\">\n\t\t\t\t\t<img loading=\"lazy\" decoding=\"async\" width=\"500\" height=\"500\" src=\"https:\/\/debasics.es\/wp-content\/uploads\/2022\/03\/neurocentro.png\" class=\"attachment-full size-full\" alt=\"\" srcset=\"https:\/\/debasics.es\/wp-content\/uploads\/2022\/03\/neurocentro.png 500w, https:\/\/debasics.es\/wp-content\/uploads\/2022\/03\/neurocentro-300x300.png 300w, https:\/\/debasics.es\/wp-content\/uploads\/2022\/03\/neurocentro-150x150.png 150w\" sizes=\"auto, (max-width: 500px) 100vw, 500px\" \/>\t\t\t\t\t<\/a>\n\t\t\t<\/div>\n<\/div>\n<div class=\"qodef-e qodef-image-wrapper qodef-grid-item\">\n\t<div class=\"qodef-e-inner\">\n\t\t\t\t\t<a class=\"qodef-popup-item\" itemprop=\"image\" href=\"https:\/\/debasics.es\/wp-content\/uploads\/2022\/03\/BF-LOGO.png\" data-type=\"image\" data-fslightbox=\"gallery-537\">\n\t\t\t\t\t<img loading=\"lazy\" decoding=\"async\" width=\"500\" height=\"500\" src=\"https:\/\/debasics.es\/wp-content\/uploads\/2022\/03\/BF-LOGO.png\" class=\"attachment-full size-full\" alt=\"\" srcset=\"https:\/\/debasics.es\/wp-content\/uploads\/2022\/03\/BF-LOGO.png 500w, https:\/\/debasics.es\/wp-content\/uploads\/2022\/03\/BF-LOGO-300x300.png 300w, https:\/\/debasics.es\/wp-content\/uploads\/2022\/03\/BF-LOGO-150x150.png 150w\" sizes=\"auto, (max-width: 500px) 100vw, 500px\" \/>\t\t\t\t\t<\/a>\n\t\t\t<\/div>\n<\/div>\n\t<\/div>\n<\/div>\n\t\t<\/div>\n\t\t\t\t<\/div>\n\t\t\t\t\t<\/div>\n\t\t<\/div>\n\t\t\t\t\t\t\t<\/div>\n\t\t<\/section>\n\t\t\t\t\t\t<\/div>\n\t\t\t\t\t<\/div>\n\t\t","protected":false},"excerpt":{"rendered":"<p>Vanessa Jerez. Directora de Neurocentro. El servicio de asesor\u00eda estrat\u00e9gica ha sido una revoluci\u00f3n en nuestra empresa. Totalmente recomendado si quieres mejorar y avanzar con nuevos proyectos. Bego\u00f1a A. Ferrero. Directora de Cl\u00ednica Laurisilva. Tener un Plan Estrat\u00e9gico, y actualizarlo cada cierto tiempo, es fundamental para reflexionar como directivos sobre la marcha de la empresa. [&hellip;]<\/p>\n","protected":false},"author":1,"featured_media":0,"parent":0,"menu_order":0,"comment_status":"closed","ping_status":"closed","template":"qi-full-width.php","meta":{"footnotes":""},"class_list":["post-295","page","type-page","status-publish","hentry"],"_links":{"self":[{"href":"https:\/\/debasics.es\/index.php\/wp-json\/wp\/v2\/pages\/295","targetHints":{"allow":["GET"]}}],"collection":[{"href":"https:\/\/debasics.es\/index.php\/wp-json\/wp\/v2\/pages"}],"about":[{"href":"https:\/\/debasics.es\/index.php\/wp-json\/wp\/v2\/types\/page"}],"author":[{"embeddable":true,"href":"https:\/\/debasics.es\/index.php\/wp-json\/wp\/v2\/users\/1"}],"replies":[{"embeddable":true,"href":"https:\/\/debasics.es\/index.php\/wp-json\/wp\/v2\/comments?post=295"}],"version-history":[{"count":32,"href":"https:\/\/debasics.es\/index.php\/wp-json\/wp\/v2\/pages\/295\/revisions"}],"predecessor-version":[{"id":1368,"href":"https:\/\/debasics.es\/index.php\/wp-json\/wp\/v2\/pages\/295\/revisions\/1368"}],"wp:attachment":[{"href":"https:\/\/debasics.es\/index.php\/wp-json\/wp\/v2\/media?parent=295"}],"curies":[{"name":"wp","href":"https:\/\/api.w.org\/{rel}","templated":true}]}}